{"id":6923,"date":"2022-12-29T17:59:00","date_gmt":"2022-12-29T16:59:00","guid":{"rendered":"https:\/\/myslife.co\/?page_id=6923"},"modified":"2024-07-04T16:56:43","modified_gmt":"2024-07-04T14:56:43","slug":"charte","status":"publish","type":"page","link":"https:\/\/www.myslife.co\/en\/charte\/","title":{"rendered":"Charte d&rsquo;utilisation de My S Life"},"content":{"rendered":"<p>My S Life ne remplace pas l\u2019avis d\u2019un m\u00e9decin !<\/p>\n\n\n\n<p>Bonjour \u00e0 toutes,<\/p>\n\n\n\n<p>Nous sommes tr\u00e8s contentes que vous participiez \u00e0 la communaut\u00e9 My S Life.<\/p>\n\n\n\n<p>Notre \u00e9quipe et utilisatrices sont toujours l\u00e0 pour vous aider et vous conseiller.<\/p>\n\n\n\n<p>Cependant, n\u2019oubliez pas que poster sur cette application ne vous dispense pas d\u2019un avis m\u00e9dical avis\u00e9. Seul votre ou un.e soignant.e est \u00e0 m\u00eame de vous aiguiller et de vous soigner&nbsp;.<\/p>\n\n\n\n<p>H\u00e2te de vous lire&nbsp;! Prenez soin de vous&nbsp;!<\/p>\n\n\n\n<ul class=\"wp-block-list\">\n<li><strong>CHOISISSEZ LA BONNE CAT\u00c9GORIE DE L\u2019APPLICATION POUR CR\u00c9ER VOTRE SUJET<\/strong><\/li>\n<\/ul>\n\n\n\n<p>S\u00e9lectionne la cat\u00e9gorie de l\u2019application dans laquelle vous rangerez votre sujet. Si ce sujet est mal cat\u00e9goris\u00e9, il pourra \u00eatre transf\u00e9r\u00e9 dans une cat\u00e9gorie plus appropri\u00e9e voire supprim\u00e9.<\/p>\n\n\n\n<ul class=\"wp-block-list\">\n<li><strong>CHOISISSEZ UN TITRE CLAIR POUR VOTRE POST<\/strong><\/li>\n<\/ul>\n\n\n\n<p>Le titre de votre sujet doit \u00eatre clair, de mani\u00e8re \u00e0 ce que les membres puissent imm\u00e9diatement comprendre de quoi il s\u2019agit en le lisant. Le titre ne peut pas \u00eatre trop long, ni \u00eatre constitu\u00e9 d\u2019un seul mot (par ex. \u00ab&nbsp;Douleur&nbsp;\u00bb ou \u00ab&nbsp;Vulve&nbsp;\u00bb). Cela toujours dans l\u2019objectif de faciliter la compr\u00e9hension pour les autres membres&nbsp;! J<\/p>\n\n\n\n<ul class=\"wp-block-list\">\n<li><strong>RESTE POLI.E ENVERS LES AUTRES MEMBRES<\/strong><\/li>\n<\/ul>\n\n\n\n<p>Il n\u2019est pas autoris\u00e9 de tenir des propos vulgaires, agressifs, racistes, diffamatoires ou incitant \u00e0 la haine. Tous propos seront mod\u00e9r\u00e9s et des avertissements seront envoy\u00e9s au membre en cas de non respect de nos r\u00e8gles.<\/p>\n\n\n\n<ul class=\"wp-block-list\">\n<li><strong>IL EST INTERDIT DE POSTER DES COMMENTAIRES INAPPROPRI\u00c9S DANS LES POSTS CR\u00c9\u00c9S PAR LES AUTRES MEMBRES<\/strong><\/li>\n<\/ul>\n\n\n\n<p>Il n\u2019est permis de poster des commentaires dans un post cr\u00e9\u00e9 par un autre membre que si votre post r\u00e9pond directement au sujet. Mais il est interdit d\u2019\u00e9crire le m\u00eame message plusieurs fois dans un m\u00eame sujet ou sur plusieurs sujets de l\u2019application. Cela peut \u00eatre consid\u00e9r\u00e9 comme du spam et vos posts seront mod\u00e9r\u00e9s en cons\u00e9quence.<\/p>\n\n\n\n<ul class=\"wp-block-list\">\n<li><strong>LES TROLLS NE SONT PAS TOL\u00c9R\u00c9S<\/strong><\/li>\n<\/ul>\n\n\n\n<p>Il est interdit de cr\u00e9er un sujet ou un post dans le but de \u00ab&nbsp;troller&nbsp;\u00bb l\u2019application. Les propos \u00e0 contenus diffamatoires ou heurtant la sensibilit\u00e9 d\u2019autrui ne sont pas non plus tol\u00e9r\u00e9s et les sujets seront supprim\u00e9s.<\/p>\n\n\n\n<ul class=\"wp-block-list\">\n<li><strong>PAS DE SERVICES OU DE PROPOSITIONS COMMERCIALES<\/strong><\/li>\n<\/ul>\n\n\n\n<p>Tous postes ou sujets proposant un service donnant lieu \u00e0 une transaction financi\u00e8re sont strictement interdits sur l\u2019application. Toute r\u00e9f\u00e9rence \u00e0 un site ou \u00e0 un service commercial n\u2019a pas sa place sur l\u2019application. Les professionnels ne sont pas autoris\u00e9s \u00e0 vendre ou proposer des articles ou des services sur l\u2019ensemble du site.<\/p>\n\n\n\n<ul class=\"wp-block-list\">\n<li><strong>LES LIENS DE PARRAINAGE N\u2019ONT PAS LEUR PLACE SUR MY S LIFE<\/strong><\/li>\n<\/ul>\n\n\n\n<p>Les liens de parrainage&nbsp;pour d\u2019autres sites commerciaux sont interdits sur l\u2019appliction. Si vous souhaitez promouvoir vos services aupr\u00e8s de la communaut\u00e9, merci de vous rapprocher de l\u2019\u00e9quipe My S Life.<\/p>\n\n\n\n<ul class=\"wp-block-list\">\n<li><strong>LA LOI VOUS RESPECTEREZ<\/strong><\/li>\n<\/ul>\n\n\n\n<p>Les sujets ou posts incitant \u00e0 une pratique ill\u00e9gale au regard de la loi sont interdits. L\u2019application My S Life est un espace public, ouvert \u00e0 toutes. Les lois en vigueur ont vocation \u00e0 s\u2019appliquer ici aussi. Cela vaut, \u00e0 titre d\u2019exemple pour les posts ou les sujets donnant des noms de sites ou de liens de t\u00e9l\u00e9chargement ill\u00e9gal ou de streaming, de sujets ou de posts proposant des articles de contrefa\u00e7on et autres liens redirigeant vers du contenu illicite ou ill\u00e9gale. Cette liste est bien entendu non exhaustive.<\/p>","protected":false},"excerpt":{"rendered":"<p>My S Life ne remplace pas l\u2019avis d\u2019un m\u00e9decin ! Bonjour \u00e0 toutes, Nous sommes tr\u00e8s contentes que vous participiez \u00e0 la communaut\u00e9 My S Life. Notre \u00e9quipe et utilisatrices sont toujours l\u00e0 pour vous aider et vous conseiller. Cependant, n\u2019oubliez pas que poster sur cette application ne vous dispense [&hellip;]<\/p>\n","protected":false},"author":2,"featured_media":0,"parent":0,"menu_order":0,"comment_status":"closed","ping_status":"closed","template":"","meta":{"_acf_changed":false,"footnotes":""},"class_list":["post-6923","page","type-page","status-publish","hentry"],"acf":[],"yoast_head":"<!-- This site is optimized with the Yoast SEO plugin v27.3 - https:\/\/yoast.com\/product\/yoast-seo-wordpress\/ -->\n<title>Charte d&#039;utilisation de My S Life - My S Life<\/title>\n<meta name=\"robots\" content=\"index, follow, max-snippet:-1, max-image-preview:large, max-video-preview:-1\" \/>\n<link rel=\"canonical\" href=\"https:\/\/www.myslife.co\/en\/charte\/\" \/>\n<meta property=\"og:locale\" content=\"en_GB\" \/>\n<meta property=\"og:type\" content=\"article\" \/>\n<meta property=\"og:title\" content=\"Charte d&#039;utilisation de My S Life - My S Life\" \/>\n<meta property=\"og:description\" content=\"My S Life ne remplace pas l\u2019avis d\u2019un m\u00e9decin ! Bonjour \u00e0 toutes, Nous sommes tr\u00e8s contentes que vous participiez \u00e0 la communaut\u00e9 My S Life. Notre \u00e9quipe et utilisatrices sont toujours l\u00e0 pour vous aider et vous conseiller. Cependant, n\u2019oubliez pas que poster sur cette application ne vous dispense [&hellip;]\" \/>\n<meta property=\"og:url\" content=\"https:\/\/www.myslife.co\/en\/charte\/\" \/>\n<meta property=\"og:site_name\" content=\"My S Life\" \/>\n<meta property=\"article:publisher\" content=\"https:\/\/www.facebook.com\/hellomyslife\/\" \/>\n<meta property=\"article:modified_time\" content=\"2024-07-04T14:56:43+00:00\" \/>\n<meta name=\"twitter:card\" content=\"summary_large_image\" \/>\n<meta name=\"twitter:label1\" content=\"Estimated reading time\" \/>\n\t<meta name=\"twitter:data1\" content=\"3 minutes\" \/>\n<script type=\"application\/ld+json\" class=\"yoast-schema-graph\">{\"@context\":\"https:\\\/\\\/schema.org\",\"@graph\":[{\"@type\":\"WebPage\",\"@id\":\"https:\\\/\\\/www.myslife.co\\\/charte\\\/\",\"url\":\"https:\\\/\\\/www.myslife.co\\\/charte\\\/\",\"name\":\"Charte d'utilisation de My S Life - My S Life\",\"isPartOf\":{\"@id\":\"https:\\\/\\\/www.myslife.co\\\/#website\"},\"datePublished\":\"2022-12-29T16:59:00+00:00\",\"dateModified\":\"2024-07-04T14:56:43+00:00\",\"breadcrumb\":{\"@id\":\"https:\\\/\\\/www.myslife.co\\\/charte\\\/#breadcrumb\"},\"inLanguage\":\"en-GB\",\"potentialAction\":[{\"@type\":\"ReadAction\",\"target\":[\"https:\\\/\\\/www.myslife.co\\\/charte\\\/\"]}]},{\"@type\":\"BreadcrumbList\",\"@id\":\"https:\\\/\\\/www.myslife.co\\\/charte\\\/#breadcrumb\",\"itemListElement\":[{\"@type\":\"ListItem\",\"position\":1,\"name\":\"Accueil\",\"item\":\"https:\\\/\\\/www.myslife.co\\\/\"},{\"@type\":\"ListItem\",\"position\":2,\"name\":\"Charte d&rsquo;utilisation de My S Life\"}]},{\"@type\":\"WebSite\",\"@id\":\"https:\\\/\\\/www.myslife.co\\\/#website\",\"url\":\"https:\\\/\\\/www.myslife.co\\\/\",\"name\":\"My S Life\",\"description\":\"Reprenez le pouvoir sur votre sant\u00e9 intime\",\"publisher\":{\"@id\":\"https:\\\/\\\/www.myslife.co\\\/#organization\"},\"potentialAction\":[{\"@type\":\"SearchAction\",\"target\":{\"@type\":\"EntryPoint\",\"urlTemplate\":\"https:\\\/\\\/www.myslife.co\\\/?s={search_term_string}\"},\"query-input\":{\"@type\":\"PropertyValueSpecification\",\"valueRequired\":true,\"valueName\":\"search_term_string\"}}],\"inLanguage\":\"en-GB\"},{\"@type\":\"Organization\",\"@id\":\"https:\\\/\\\/www.myslife.co\\\/#organization\",\"name\":\"My S Life\",\"url\":\"https:\\\/\\\/www.myslife.co\\\/\",\"logo\":{\"@type\":\"ImageObject\",\"inLanguage\":\"en-GB\",\"@id\":\"https:\\\/\\\/www.myslife.co\\\/#\\\/schema\\\/logo\\\/image\\\/\",\"url\":\"https:\\\/\\\/www.myslifepro.co\\\/wp-content\\\/uploads\\\/2021\\\/12\\\/Logo-App.jpg\",\"contentUrl\":\"https:\\\/\\\/www.myslifepro.co\\\/wp-content\\\/uploads\\\/2021\\\/12\\\/Logo-App.jpg\",\"width\":180,\"height\":180,\"caption\":\"My S Life\"},\"image\":{\"@id\":\"https:\\\/\\\/www.myslife.co\\\/#\\\/schema\\\/logo\\\/image\\\/\"},\"sameAs\":[\"https:\\\/\\\/www.facebook.com\\\/hellomyslife\\\/\",\"https:\\\/\\\/www.instagram.com\\\/ilovemyslife\\\/\"]}]}<\/script>\n<!-- \/ Yoast SEO plugin. -->","yoast_head_json":{"title":"Charte d'utilisation de My S Life - My S Life","robots":{"index":"index","follow":"follow","max-snippet":"max-snippet:-1","max-image-preview":"max-image-preview:large","max-video-preview":"max-video-preview:-1"},"canonical":"https:\/\/www.myslife.co\/en\/charte\/","og_locale":"en_GB","og_type":"article","og_title":"Charte d'utilisation de My S Life - My S Life","og_description":"My S Life ne remplace pas l\u2019avis d\u2019un m\u00e9decin ! Bonjour \u00e0 toutes, Nous sommes tr\u00e8s contentes que vous participiez \u00e0 la communaut\u00e9 My S Life. Notre \u00e9quipe et utilisatrices sont toujours l\u00e0 pour vous aider et vous conseiller. Cependant, n\u2019oubliez pas que poster sur cette application ne vous dispense [&hellip;]","og_url":"https:\/\/www.myslife.co\/en\/charte\/","og_site_name":"My S Life","article_publisher":"https:\/\/www.facebook.com\/hellomyslife\/","article_modified_time":"2024-07-04T14:56:43+00:00","twitter_card":"summary_large_image","twitter_misc":{"Estimated reading time":"3 minutes"},"schema":{"@context":"https:\/\/schema.org","@graph":[{"@type":"WebPage","@id":"https:\/\/www.myslife.co\/charte\/","url":"https:\/\/www.myslife.co\/charte\/","name":"Charte d'utilisation de My S Life - My S Life","isPartOf":{"@id":"https:\/\/www.myslife.co\/#website"},"datePublished":"2022-12-29T16:59:00+00:00","dateModified":"2024-07-04T14:56:43+00:00","breadcrumb":{"@id":"https:\/\/www.myslife.co\/charte\/#breadcrumb"},"inLanguage":"en-GB","potentialAction":[{"@type":"ReadAction","target":["https:\/\/www.myslife.co\/charte\/"]}]},{"@type":"BreadcrumbList","@id":"https:\/\/www.myslife.co\/charte\/#breadcrumb","itemListElement":[{"@type":"ListItem","position":1,"name":"Accueil","item":"https:\/\/www.myslife.co\/"},{"@type":"ListItem","position":2,"name":"Charte d&rsquo;utilisation de My S Life"}]},{"@type":"WebSite","@id":"https:\/\/www.myslife.co\/#website","url":"https:\/\/www.myslife.co\/","name":"My S Life","description":"Reprenez le pouvoir sur votre sant\u00e9 intime","publisher":{"@id":"https:\/\/www.myslife.co\/#organization"},"potentialAction":[{"@type":"SearchAction","target":{"@type":"EntryPoint","urlTemplate":"https:\/\/www.myslife.co\/?s={search_term_string}"},"query-input":{"@type":"PropertyValueSpecification","valueRequired":true,"valueName":"search_term_string"}}],"inLanguage":"en-GB"},{"@type":"Organization","@id":"https:\/\/www.myslife.co\/#organization","name":"My S Life","url":"https:\/\/www.myslife.co\/","logo":{"@type":"ImageObject","inLanguage":"en-GB","@id":"https:\/\/www.myslife.co\/#\/schema\/logo\/image\/","url":"https:\/\/www.myslifepro.co\/wp-content\/uploads\/2021\/12\/Logo-App.jpg","contentUrl":"https:\/\/www.myslifepro.co\/wp-content\/uploads\/2021\/12\/Logo-App.jpg","width":180,"height":180,"caption":"My S Life"},"image":{"@id":"https:\/\/www.myslife.co\/#\/schema\/logo\/image\/"},"sameAs":["https:\/\/www.facebook.com\/hellomyslife\/","https:\/\/www.instagram.com\/ilovemyslife\/"]}]}},"_links":{"self":[{"href":"https:\/\/www.myslife.co\/en\/wp-json\/wp\/v2\/pages\/6923","targetHints":{"allow":["GET"]}}],"collection":[{"href":"https:\/\/www.myslife.co\/en\/wp-json\/wp\/v2\/pages"}],"about":[{"href":"https:\/\/www.myslife.co\/en\/wp-json\/wp\/v2\/types\/page"}],"author":[{"embeddable":true,"href":"https:\/\/www.myslife.co\/en\/wp-json\/wp\/v2\/users\/2"}],"replies":[{"embeddable":true,"href":"https:\/\/www.myslife.co\/en\/wp-json\/wp\/v2\/comments?post=6923"}],"version-history":[{"count":2,"href":"https:\/\/www.myslife.co\/en\/wp-json\/wp\/v2\/pages\/6923\/revisions"}],"predecessor-version":[{"id":8852,"href":"https:\/\/www.myslife.co\/en\/wp-json\/wp\/v2\/pages\/6923\/revisions\/8852"}],"wp:attachment":[{"href":"https:\/\/www.myslife.co\/en\/wp-json\/wp\/v2\/media?parent=6923"}],"curies":[{"name":"wp","href":"https:\/\/api.w.org\/{rel}","templated":true}]}}