{"id":3,"date":"2019-12-01T21:48:39","date_gmt":"2019-12-01T20:48:39","guid":{"rendered":"https:\/\/myslife.co\/?page_id=3"},"modified":"2022-12-30T16:28:10","modified_gmt":"2022-12-30T15:28:10","slug":"mention-legale","status":"publish","type":"page","link":"https:\/\/www.myslife.co\/en\/mention-legale\/","title":{"rendered":"Mentions Legales"},"content":{"rendered":"<p>Date de modification : 29\/12\/2022<\/p>\n\n\n\n<h2 class=\"wp-block-heading\">Qui sommes-nous\u00a0?<\/h2>\n\n\n\n<p>www.myslife.co<\/p>\n\n\n\n<p>Le site https:\/\/www.myslife.co est \u00e9dit\u00e9 par :<\/p>\n\n\n\n<p>Shesmet SAS au capital social de 20 000 euros<\/p>\n\n\n\n<p>RCS Nanterre 879\u00a0253\u00a0110<\/p>\n\n\n\n<p>Si\u00e8ge social : 8 rue marc sangier, 92170 Vanves<\/p>\n\n\n\n<p>email : info@myslife.co<\/p>\n\n\n\n<p>Directrice de la publication : Mme Juliette Mauro en qualit\u00e9 de Pr\u00e9sidente<\/p>\n\n\n\n<p>H\u00e9bergement du site My S Life par la soci\u00e9t\u00e9  OVH SAS au capital de 10 174 560 \u20acRCS Lille M\u00e9tropole 424 761 419 00045 Code APE 2620Z<br>N\u00b0 TVA : FR 22 424 761 419 Si\u00e8ge social : 2 rue Kellermann &#8211; 59100 Roubaix &#8211; France\u00a0Pr\u00e9sident : Michel Paulin <\/p>\n\n\n\n<p>OVH SAS est une filiale de la soci\u00e9t\u00e9 OVH Groupe SA, soci\u00e9t\u00e9 immatricul\u00e9e au RCS de Lille sous le num\u00e9ro 537 407 926 sise 2, rue Kellermann, 59100 Roubaix.<\/p>\n\n\n\n<h2 class=\"wp-block-heading\">Conditions d&rsquo;utilisation du site internet https:\/\/www.myslife.co<\/h2>\n\n\n\n<p>Le site et chacun des \u00e9l\u00e9ments, y compris mais sans limitation les marques, les logos, ic\u00f4nes, infographies, photographies, qui le composent sont prot\u00e9g\u00e9s au titre de la l\u00e9gislation internationale de la propri\u00e9t\u00e9 intellectuelle. Les contenus figurant sur le site sont la propri\u00e9t\u00e9 de SHESMET. Toute utilisation, reproduction ou repr\u00e9sentation, par quelque proc\u00e9d\u00e9 que ce soit, et sur quelque support que ce soit, de tout ou partie du site et\/ou des \u00e9l\u00e9ments qui le composent n&rsquo;est pas autoris\u00e9e sans le consentement expresse de SHESMET.<\/p>\n\n\n\n<p>La marque  My S Life, le logo My S Life, et toutes les autres marques My S Life ou Shesmet qui figurent sur le pr\u00e9sent site internet sont des marques enregistr\u00e9es, dont le titulaire est la soci\u00e9t\u00e9 SHESMET SAS. Toutes les autres marques qui figurent sur le pr\u00e9sent site internet sont la propri\u00e9t\u00e9 de leurs titulaires respectifs.<\/p>\n\n\n\n<h3 class=\"wp-block-heading\">Donn\u00e9es personnelles<\/h3>\n\n\n\n<p>D&rsquo;une fa\u00e7on g\u00e9n\u00e9rale, vous pouvez visiter notre site sur Internet sans avoir \u00e0 d\u00e9cliner votre identit\u00e9 et \u00e0 fournir des informations personnelles vous concernant. Cependant, nous pouvons parfois vous demander des informations. Par exemple, pour traiter une commande, \u00e9tablir une correspondance, fournir un abonnement ou soumettre une candidature \u00e0 un poste. Nous pouvons compl\u00e9ter ces informations pour conclure une transaction ou offrir un meilleur service.<\/p>\n\n\n\n<h2 class=\"wp-block-heading\">Cookies<\/h2>\n\n\n\n<p>Cette politique s\u2019applique aux cookies et autres syst\u00e8mes technologiques pr\u00e9sents sur ce site internet \u00e9dit\u00e9 par Shesmet et accessibles par un utilisateur via sa t\u00e9l\u00e9vision, son ordinateur, tablette, smartphone ou autre terminal mobile.L\u2019utilisateur est inform\u00e9 que, lors de ses visites sur le Site Web, un cookie peut s\u2019installer automatiquement sur son logiciel de navigation. Le cookie est un bloc de donn\u00e9es qui ne permet pas d\u2019identifier les utilisateurs mais sert \u00e0 enregistrer des informations relatives \u00e0 la navigation de celui\u2010ci sur le site.Les cookies sont s\u00e9curis\u00e9s, ils ne peuvent que stocker les informations qui sont mises \u00e0 disposition par le navigateur, informations que l\u2019utilisateur aura pr\u00e9alablement entr\u00e9 dans le navigateur ou qui sont incluses dans les demandes de page.Il y a diff\u00e9rents types de cookies dont les utilisations et le contenu sont diff\u00e9rents, temporaires et persistants:<\/p>\n\n\n\n<ul class=\"wp-block-list\"><li>les cookies temporaires contiennent des informations qui sont utilis\u00e9es au sein de votre session de navigation. Ces cookies sont automatiquement effac\u00e9s lorsque vous fermez votre navigateur. Rien n\u2019est conserv\u00e9 sur votre ordinateur une fois votre navigation termin\u00e9e.<\/li><li>les cookies persistants servent \u00e0 stocker des informations qui sont utilis\u00e9es entre les visites. Ces donn\u00e9es permettent aux sites de reconna\u00eetre que vous \u00eates un client r\u00e9current, et s\u2019adaptent en cons\u00e9quence. Les cookies persistants ont une valeur \u00e0 long terme qui est d\u00e9fini par le site, et qui peut varier de quelques minutes \u00e0 plusieurs ann\u00e9es.<\/li><\/ul>\n\n\n\n<h3 class=\"wp-block-heading\">Formulaires de contact<\/h3>\n\n\n\n<p>Nous pouvons \u00eatre amen\u00e9s \u00e0 recueillir par le biais de formulaire de contact disponible sur ce site des informations personnelles (nom, pr\u00e9nom, adresse mail et information sur la profession)<\/p>\n\n\n\n<p>Les informations recueillies sur ce formulaire sont enregistr\u00e9es dans un fichier informatis\u00e9 par la soci\u00e9t\u00e9 Shesmet represent\u00e9e par sa Pr\u00e9sidente Mme Juliette Mauro pour communiquer avec vous par mail et vous faire parvenir de l&rsquo;information susceptible de vous int\u00e9resser (lettre d&rsquo;informations sur la sant\u00e9 intime et sexuelle des femmes, nouvelle offre de service de My S Life, information g\u00e9n\u00e9rale relative \u00e0 l&rsquo;offre de service existente de My S Life). Pour toute question ou demande relative \u00e0 vos donn\u00e9es personnelles, merci d&rsquo;envoyer un mail \u00e0 PrivauteDonnees@myslife.co. La base l\u00e9gale du traitement est <strong>le consentement<\/strong>. <\/p>\n\n\n\n<p>Les donn\u00e9es collect\u00e9es seront communiqu\u00e9es aux seuls destinataires suivants : colaborateurs Shesmet dans le cadre de leur fonction.<\/p>\n\n\n\n<p>Les donn\u00e9es sont conserv\u00e9es 24 mois sauf autorisation de prolongement d&rsquo;utilisation par le propri\u00e9taire des donn\u00e9es.<\/p>\n\n\n\n<p>Vous pouvez acc\u00e9der aux donn\u00e9es vous concernant, les rectifier, demander leur effacement ou exercer votre droit \u00e0 la limitation du traitement de vos donn\u00e9es. <\/p>\n\n\n\n<p>Consultez le site&nbsp;cnil.fr pour plus d\u2019informations sur vos droits.<\/p>\n\n\n\n<p>Pour exercer ces droits ou pour toute question sur le traitement de vos donn\u00e9es dans ce dispositif, vous pouvez nous contacter \u00e0 privautedonn\u00e9es@myslife.co.<\/p>\n\n\n\n<p>Si vous estimez, apr\u00e8s nous avoir contact\u00e9s, que vos droits \u00ab&nbsp;Informatique et Libert\u00e9s&nbsp;\u00bb ne sont pas respect\u00e9s, vous pouvez adresser une r\u00e9clamation \u00e0 la CNIL.<\/p>","protected":false},"excerpt":{"rendered":"<p>Date de modification : 29\/12\/2022 Qui sommes-nous\u00a0? www.myslife.co Le site https:\/\/www.myslife.co est \u00e9dit\u00e9 par : Shesmet SAS au capital social de 20 000 euros RCS Nanterre 879\u00a0253\u00a0110 Si\u00e8ge social : 8 rue marc sangier, 92170 Vanves email : info@myslife.co Directrice de la publication : Mme Juliette Mauro en qualit\u00e9 de [&hellip;]<\/p>\n","protected":false},"author":1,"featured_media":0,"parent":0,"menu_order":0,"comment_status":"closed","ping_status":"closed","template":"","meta":{"_acf_changed":false,"footnotes":""},"class_list":["post-3","page","type-page","status-publish","hentry"],"acf":[],"yoast_head":"<!-- This site is optimized with the Yoast SEO plugin v27.3 - https:\/\/yoast.com\/product\/yoast-seo-wordpress\/ -->\n<title>Mentions Legales - My S Life<\/title>\n<meta name=\"description\" content=\"Le site et chacun des \u00e9l\u00e9ments, y compris mais sans limitation les marques, les logos, ic\u00f4nes, infographies, photographies, qui le composent sont prot\u00e9g\u00e9s au titre de la l\u00e9gislation internationale de la propri\u00e9t\u00e9 intellectuelle.\" \/>\n<meta name=\"robots\" content=\"index, follow, max-snippet:-1, max-image-preview:large, max-video-preview:-1\" \/>\n<link rel=\"canonical\" href=\"https:\/\/www.myslife.co\/en\/mention-legale\/\" \/>\n<meta property=\"og:locale\" content=\"en_GB\" \/>\n<meta property=\"og:type\" content=\"article\" \/>\n<meta property=\"og:title\" content=\"Mentions Legales - My S Life\" \/>\n<meta property=\"og:description\" content=\"Le site et chacun des \u00e9l\u00e9ments, y compris mais sans limitation les marques, les logos, ic\u00f4nes, infographies, photographies, qui le composent sont prot\u00e9g\u00e9s au titre de la l\u00e9gislation internationale de la propri\u00e9t\u00e9 intellectuelle.\" \/>\n<meta property=\"og:url\" content=\"https:\/\/www.myslife.co\/en\/mention-legale\/\" \/>\n<meta property=\"og:site_name\" content=\"My S Life\" \/>\n<meta property=\"article:publisher\" content=\"https:\/\/www.facebook.com\/hellomyslife\/\" \/>\n<meta property=\"article:modified_time\" content=\"2022-12-30T15:28:10+00:00\" \/>\n<meta name=\"twitter:card\" content=\"summary_large_image\" \/>\n<meta name=\"twitter:label1\" content=\"Estimated reading time\" \/>\n\t<meta name=\"twitter:data1\" content=\"4 minutes\" \/>\n<script type=\"application\/ld+json\" class=\"yoast-schema-graph\">{\"@context\":\"https:\\\/\\\/schema.org\",\"@graph\":[{\"@type\":\"WebPage\",\"@id\":\"https:\\\/\\\/www.myslife.co\\\/mention-legale\\\/\",\"url\":\"https:\\\/\\\/www.myslife.co\\\/mention-legale\\\/\",\"name\":\"Mentions Legales - My S Life\",\"isPartOf\":{\"@id\":\"https:\\\/\\\/www.myslife.co\\\/#website\"},\"datePublished\":\"2019-12-01T20:48:39+00:00\",\"dateModified\":\"2022-12-30T15:28:10+00:00\",\"description\":\"Le site et chacun des \u00e9l\u00e9ments, y compris mais sans limitation les marques, les logos, ic\u00f4nes, infographies, photographies, qui le composent sont prot\u00e9g\u00e9s au titre de la l\u00e9gislation internationale de la propri\u00e9t\u00e9 intellectuelle.\",\"breadcrumb\":{\"@id\":\"https:\\\/\\\/www.myslife.co\\\/mention-legale\\\/#breadcrumb\"},\"inLanguage\":\"en-GB\",\"potentialAction\":[{\"@type\":\"ReadAction\",\"target\":[\"https:\\\/\\\/www.myslife.co\\\/mention-legale\\\/\"]}]},{\"@type\":\"BreadcrumbList\",\"@id\":\"https:\\\/\\\/www.myslife.co\\\/mention-legale\\\/#breadcrumb\",\"itemListElement\":[{\"@type\":\"ListItem\",\"position\":1,\"name\":\"Accueil\",\"item\":\"https:\\\/\\\/www.myslife.co\\\/\"},{\"@type\":\"ListItem\",\"position\":2,\"name\":\"Mentions Legales\"}]},{\"@type\":\"WebSite\",\"@id\":\"https:\\\/\\\/www.myslife.co\\\/#website\",\"url\":\"https:\\\/\\\/www.myslife.co\\\/\",\"name\":\"My S Life\",\"description\":\"Reprenez le pouvoir sur votre sant\u00e9 intime\",\"publisher\":{\"@id\":\"https:\\\/\\\/www.myslife.co\\\/#organization\"},\"potentialAction\":[{\"@type\":\"SearchAction\",\"target\":{\"@type\":\"EntryPoint\",\"urlTemplate\":\"https:\\\/\\\/www.myslife.co\\\/?s={search_term_string}\"},\"query-input\":{\"@type\":\"PropertyValueSpecification\",\"valueRequired\":true,\"valueName\":\"search_term_string\"}}],\"inLanguage\":\"en-GB\"},{\"@type\":\"Organization\",\"@id\":\"https:\\\/\\\/www.myslife.co\\\/#organization\",\"name\":\"My S Life\",\"url\":\"https:\\\/\\\/www.myslife.co\\\/\",\"logo\":{\"@type\":\"ImageObject\",\"inLanguage\":\"en-GB\",\"@id\":\"https:\\\/\\\/www.myslife.co\\\/#\\\/schema\\\/logo\\\/image\\\/\",\"url\":\"https:\\\/\\\/www.myslifepro.co\\\/wp-content\\\/uploads\\\/2021\\\/12\\\/Logo-App.jpg\",\"contentUrl\":\"https:\\\/\\\/www.myslifepro.co\\\/wp-content\\\/uploads\\\/2021\\\/12\\\/Logo-App.jpg\",\"width\":180,\"height\":180,\"caption\":\"My S Life\"},\"image\":{\"@id\":\"https:\\\/\\\/www.myslife.co\\\/#\\\/schema\\\/logo\\\/image\\\/\"},\"sameAs\":[\"https:\\\/\\\/www.facebook.com\\\/hellomyslife\\\/\",\"https:\\\/\\\/www.instagram.com\\\/ilovemyslife\\\/\"]}]}<\/script>\n<!-- \/ Yoast SEO plugin. -->","yoast_head_json":{"title":"Mentions Legales - My S Life","description":"Le site et chacun des \u00e9l\u00e9ments, y compris mais sans limitation les marques, les logos, ic\u00f4nes, infographies, photographies, qui le composent sont prot\u00e9g\u00e9s au titre de la l\u00e9gislation internationale de la propri\u00e9t\u00e9 intellectuelle.","robots":{"index":"index","follow":"follow","max-snippet":"max-snippet:-1","max-image-preview":"max-image-preview:large","max-video-preview":"max-video-preview:-1"},"canonical":"https:\/\/www.myslife.co\/en\/mention-legale\/","og_locale":"en_GB","og_type":"article","og_title":"Mentions Legales - My S Life","og_description":"Le site et chacun des \u00e9l\u00e9ments, y compris mais sans limitation les marques, les logos, ic\u00f4nes, infographies, photographies, qui le composent sont prot\u00e9g\u00e9s au titre de la l\u00e9gislation internationale de la propri\u00e9t\u00e9 intellectuelle.","og_url":"https:\/\/www.myslife.co\/en\/mention-legale\/","og_site_name":"My S Life","article_publisher":"https:\/\/www.facebook.com\/hellomyslife\/","article_modified_time":"2022-12-30T15:28:10+00:00","twitter_card":"summary_large_image","twitter_misc":{"Estimated reading time":"4 minutes"},"schema":{"@context":"https:\/\/schema.org","@graph":[{"@type":"WebPage","@id":"https:\/\/www.myslife.co\/mention-legale\/","url":"https:\/\/www.myslife.co\/mention-legale\/","name":"Mentions Legales - My S Life","isPartOf":{"@id":"https:\/\/www.myslife.co\/#website"},"datePublished":"2019-12-01T20:48:39+00:00","dateModified":"2022-12-30T15:28:10+00:00","description":"Le site et chacun des \u00e9l\u00e9ments, y compris mais sans limitation les marques, les logos, ic\u00f4nes, infographies, photographies, qui le composent sont prot\u00e9g\u00e9s au titre de la l\u00e9gislation internationale de la propri\u00e9t\u00e9 intellectuelle.","breadcrumb":{"@id":"https:\/\/www.myslife.co\/mention-legale\/#breadcrumb"},"inLanguage":"en-GB","potentialAction":[{"@type":"ReadAction","target":["https:\/\/www.myslife.co\/mention-legale\/"]}]},{"@type":"BreadcrumbList","@id":"https:\/\/www.myslife.co\/mention-legale\/#breadcrumb","itemListElement":[{"@type":"ListItem","position":1,"name":"Accueil","item":"https:\/\/www.myslife.co\/"},{"@type":"ListItem","position":2,"name":"Mentions Legales"}]},{"@type":"WebSite","@id":"https:\/\/www.myslife.co\/#website","url":"https:\/\/www.myslife.co\/","name":"My S Life","description":"Reprenez le pouvoir sur votre sant\u00e9 intime","publisher":{"@id":"https:\/\/www.myslife.co\/#organization"},"potentialAction":[{"@type":"SearchAction","target":{"@type":"EntryPoint","urlTemplate":"https:\/\/www.myslife.co\/?s={search_term_string}"},"query-input":{"@type":"PropertyValueSpecification","valueRequired":true,"valueName":"search_term_string"}}],"inLanguage":"en-GB"},{"@type":"Organization","@id":"https:\/\/www.myslife.co\/#organization","name":"My S Life","url":"https:\/\/www.myslife.co\/","logo":{"@type":"ImageObject","inLanguage":"en-GB","@id":"https:\/\/www.myslife.co\/#\/schema\/logo\/image\/","url":"https:\/\/www.myslifepro.co\/wp-content\/uploads\/2021\/12\/Logo-App.jpg","contentUrl":"https:\/\/www.myslifepro.co\/wp-content\/uploads\/2021\/12\/Logo-App.jpg","width":180,"height":180,"caption":"My S Life"},"image":{"@id":"https:\/\/www.myslife.co\/#\/schema\/logo\/image\/"},"sameAs":["https:\/\/www.facebook.com\/hellomyslife\/","https:\/\/www.instagram.com\/ilovemyslife\/"]}]}},"_links":{"self":[{"href":"https:\/\/www.myslife.co\/en\/wp-json\/wp\/v2\/pages\/3","targetHints":{"allow":["GET"]}}],"collection":[{"href":"https:\/\/www.myslife.co\/en\/wp-json\/wp\/v2\/pages"}],"about":[{"href":"https:\/\/www.myslife.co\/en\/wp-json\/wp\/v2\/types\/page"}],"author":[{"embeddable":true,"href":"https:\/\/www.myslife.co\/en\/wp-json\/wp\/v2\/users\/1"}],"replies":[{"embeddable":true,"href":"https:\/\/www.myslife.co\/en\/wp-json\/wp\/v2\/comments?post=3"}],"version-history":[{"count":11,"href":"https:\/\/www.myslife.co\/en\/wp-json\/wp\/v2\/pages\/3\/revisions"}],"predecessor-version":[{"id":6929,"href":"https:\/\/www.myslife.co\/en\/wp-json\/wp\/v2\/pages\/3\/revisions\/6929"}],"wp:attachment":[{"href":"https:\/\/www.myslife.co\/en\/wp-json\/wp\/v2\/media?parent=3"}],"curies":[{"name":"wp","href":"https:\/\/api.w.org\/{rel}","templated":true}]}}